{"id":31,"date":"2025-05-21T14:37:44","date_gmt":"2025-05-21T12:37:44","guid":{"rendered":"https:\/\/levertmanoir.fr\/?page_id=31"},"modified":"2025-05-27T15:17:00","modified_gmt":"2025-05-27T13:17:00","slug":"activites-a-proximite-du-domaine","status":"publish","type":"page","link":"https:\/\/levertmanoir.fr\/anglais\/activites-a-proximite-du-domaine\/","title":{"rendered":"Activit\u00e9s \u00e0 proximit\u00e9 du Domaine"},"content":{"rendered":"<div data-elementor-type=\"wp-page\" data-elementor-id=\"31\" class=\"elementor elementor-31\">\n\t\t\t\t<div class=\"elementor-element elementor-element-4eb5f5f e-flex e-con-boxed e-con e-parent\" data-id=\"4eb5f5f\" data-element_type=\"container\" data-e-type=\"container\">\n\t\t\t\t\t<div class=\"e-con-inner\">\n\t\t\t\t<div class=\"elementor-element elementor-element-846740d elementor-widget elementor-widget-heading\" data-id=\"846740d\" data-element_type=\"widget\" data-e-type=\"widget\" data-widget_type=\"heading.default\">\n\t\t\t\t<div class=\"elementor-widget-container\">\n\t\t\t\t\t<h2 class=\"elementor-heading-title elementor-size-default\">Activities near the domain  <\/h2>\t\t\t\t<\/div>\n\t\t\t\t<\/div>\n\t\t\t\t\t<\/div>\n\t\t\t\t<\/div>\n\t\t<div class=\"elementor-element elementor-element-d07a63b e-flex e-con-boxed e-con e-parent\" data-id=\"d07a63b\" data-element_type=\"container\" data-e-type=\"container\">\n\t\t\t\t\t<div class=\"e-con-inner\">\n\t\t\t\t<div class=\"elementor-element elementor-element-89b6f38 elementor-widget elementor-widget-image\" data-id=\"89b6f38\" data-element_type=\"widget\" data-e-type=\"widget\" data-widget_type=\"image.default\">\n\t\t\t\t<div class=\"elementor-widget-container\">\n\t\t\t\t\t\t\t\t\t\t\t\t\t\t\t<img decoding=\"async\" width=\"1024\" height=\"14\" src=\"https:\/\/levertmanoir.fr\/wp-content\/uploads\/2025\/05\/jbjb-1024x14.png\" class=\"attachment-large size-large wp-image-267\" alt=\"\" srcset=\"https:\/\/levertmanoir.fr\/wp-content\/uploads\/2025\/05\/jbjb-1024x14.png 1024w, https:\/\/levertmanoir.fr\/wp-content\/uploads\/2025\/05\/jbjb-300x4.png 300w, https:\/\/levertmanoir.fr\/wp-content\/uploads\/2025\/05\/jbjb-768x10.png 768w, https:\/\/levertmanoir.fr\/wp-content\/uploads\/2025\/05\/jbjb-1536x21.png 1536w, https:\/\/levertmanoir.fr\/wp-content\/uploads\/2025\/05\/jbjb-2048x28.png 2048w\" sizes=\"(max-width: 1024px) 100vw, 1024px\" \/>\t\t\t\t\t\t\t\t\t\t\t\t\t\t\t<\/div>\n\t\t\t\t<\/div>\n\t\t\t\t\t<\/div>\n\t\t\t\t<\/div>\n\t\t<div class=\"elementor-element elementor-element-719e32a e-flex e-con-boxed e-con e-parent\" data-id=\"719e32a\" data-element_type=\"container\" data-e-type=\"container\">\n\t\t\t\t\t<div class=\"e-con-inner\">\n\t\t\t\t<div class=\"elementor-element elementor-element-dc5a43a elementor-widget elementor-widget-text-editor\" data-id=\"dc5a43a\" data-element_type=\"widget\" data-e-type=\"widget\" data-widget_type=\"text-editor.default\">\n\t\t\t\t<div class=\"elementor-widget-container\">\n\t\t\t\t\t\t\t\t\t<p>In the village of Moulle, near the campsite, you'll find shops (pharmacy, restaurant, bank, media library, tennis court, etc.), the Houlle distillery, where you can sample gin, whisky and genever, the Eperlecques blockhouse and La Coupole.<\/p>\t\t\t\t\t\t\t\t<\/div>\n\t\t\t\t<\/div>\n\t\t\t\t\t<\/div>\n\t\t\t\t<\/div>\n\t\t<div class=\"elementor-element elementor-element-5ddf04c e-flex e-con-boxed e-con e-parent\" data-id=\"5ddf04c\" data-element_type=\"container\" data-e-type=\"container\">\n\t\t\t\t\t<div class=\"e-con-inner\">\n\t\t\t\t<div class=\"elementor-element elementor-element-23a0e8f elementor-widget elementor-widget-heading\" data-id=\"23a0e8f\" data-element_type=\"widget\" data-e-type=\"widget\" data-widget_type=\"heading.default\">\n\t\t\t\t<div class=\"elementor-widget-container\">\n\t\t\t\t\t<h2 class=\"elementor-heading-title elementor-size-default\">But also...<\/h2>\t\t\t\t<\/div>\n\t\t\t\t<\/div>\n\t\t\t\t\t<\/div>\n\t\t\t\t<\/div>\n\t\t<div class=\"elementor-element elementor-element-bc19dfe e-flex e-con-boxed e-con e-parent\" data-id=\"bc19dfe\" data-element_type=\"container\" data-e-type=\"container\">\n\t\t\t\t\t<div class=\"e-con-inner\">\n\t\t<div class=\"elementor-element elementor-element-221250c e-con-full e-flex e-con e-child\" data-id=\"221250c\" data-element_type=\"container\" data-e-type=\"container\">\n\t\t\t\t<div class=\"elementor-element elementor-element-9d1f245 elementor-invisible elementor-widget elementor-widget-image\" data-id=\"9d1f245\" data-element_type=\"widget\" data-e-type=\"widget\" data-settings=\"{&quot;_animation&quot;:&quot;fadeInLeft&quot;}\" data-widget_type=\"image.default\">\n\t\t\t\t<div class=\"elementor-widget-container\">\n\t\t\t\t\t\t\t\t\t\t\t\t\t\t\t<img fetchpriority=\"high\" decoding=\"async\" width=\"1024\" height=\"768\" src=\"https:\/\/levertmanoir.fr\/wp-content\/uploads\/2025\/05\/tennis-sport-environment-filed-1-1024x768.png\" class=\"attachment-large size-large wp-image-577\" alt=\"\" srcset=\"https:\/\/levertmanoir.fr\/wp-content\/uploads\/2025\/05\/tennis-sport-environment-filed-1-1024x768.png 1024w, https:\/\/levertmanoir.fr\/wp-content\/uploads\/2025\/05\/tennis-sport-environment-filed-1-300x225.png 300w, https:\/\/levertmanoir.fr\/wp-content\/uploads\/2025\/05\/tennis-sport-environment-filed-1-768x576.png 768w, https:\/\/levertmanoir.fr\/wp-content\/uploads\/2025\/05\/tennis-sport-environment-filed-1.png 1536w\" sizes=\"(max-width: 1024px) 100vw, 1024px\" \/>\t\t\t\t\t\t\t\t\t\t\t\t\t\t\t<\/div>\n\t\t\t\t<\/div>\n\t\t\t\t<\/div>\n\t\t<div class=\"elementor-element elementor-element-14ddae0 e-con-full e-flex e-con e-child\" data-id=\"14ddae0\" data-element_type=\"container\" data-e-type=\"container\">\n\t\t\t\t<div class=\"elementor-element elementor-element-7c3390f elementor-widget elementor-widget-heading\" data-id=\"7c3390f\" data-element_type=\"widget\" data-e-type=\"widget\" data-widget_type=\"heading.default\">\n\t\t\t\t<div class=\"elementor-widget-container\">\n\t\t\t\t\t<h2 class=\"elementor-heading-title elementor-size-default\">Tennis court<\/h2>\t\t\t\t<\/div>\n\t\t\t\t<\/div>\n\t\t\t\t<div class=\"elementor-element elementor-element-eba86e7 elementor-widget elementor-widget-image\" data-id=\"eba86e7\" data-element_type=\"widget\" data-e-type=\"widget\" data-widget_type=\"image.default\">\n\t\t\t\t<div class=\"elementor-widget-container\">\n\t\t\t\t\t\t\t\t\t\t\t\t\t\t\t<img decoding=\"async\" width=\"1024\" height=\"14\" src=\"https:\/\/levertmanoir.fr\/wp-content\/uploads\/2025\/05\/jbjb-1024x14.png\" class=\"attachment-large size-large wp-image-267\" alt=\"\" srcset=\"https:\/\/levertmanoir.fr\/wp-content\/uploads\/2025\/05\/jbjb-1024x14.png 1024w, https:\/\/levertmanoir.fr\/wp-content\/uploads\/2025\/05\/jbjb-300x4.png 300w, https:\/\/levertmanoir.fr\/wp-content\/uploads\/2025\/05\/jbjb-768x10.png 768w, https:\/\/levertmanoir.fr\/wp-content\/uploads\/2025\/05\/jbjb-1536x21.png 1536w, https:\/\/levertmanoir.fr\/wp-content\/uploads\/2025\/05\/jbjb-2048x28.png 2048w\" sizes=\"(max-width: 1024px) 100vw, 1024px\" \/>\t\t\t\t\t\t\t\t\t\t\t\t\t\t\t<\/div>\n\t\t\t\t<\/div>\n\t\t\t\t<div class=\"elementor-element elementor-element-7b06784 elementor-widget elementor-widget-text-editor\" data-id=\"7b06784\" data-element_type=\"widget\" data-e-type=\"widget\" data-widget_type=\"text-editor.default\">\n\t\t\t\t<div class=\"elementor-widget-container\">\n\t\t\t\t\t\t\t\t\t<p>Located just opposite the campsite entrance, the tennis court is managed by ASL Moulle Tennis. It comprises 2 outdoor courts and 1 indoor court. A summer pass is available for seasonal guests to make full use of the facilities during their stay.<\/p>\t\t\t\t\t\t\t\t<\/div>\n\t\t\t\t<\/div>\n\t\t\t\t<\/div>\n\t\t\t\t\t<\/div>\n\t\t\t\t<\/div>\n\t\t<div class=\"elementor-element elementor-element-3add5f1 e-flex e-con-boxed e-con e-parent\" data-id=\"3add5f1\" data-element_type=\"container\" data-e-type=\"container\">\n\t\t\t\t\t<div class=\"e-con-inner\">\n\t\t<div class=\"elementor-element elementor-element-9b8110a e-con-full e-flex e-con e-child\" data-id=\"9b8110a\" data-element_type=\"container\" data-e-type=\"container\">\n\t\t\t\t<div class=\"elementor-element elementor-element-411167c elementor-widget elementor-widget-heading\" data-id=\"411167c\" data-element_type=\"widget\" data-e-type=\"widget\" data-widget_type=\"heading.default\">\n\t\t\t\t<div class=\"elementor-widget-container\">\n\t\t\t\t\t<h2 class=\"elementor-heading-title elementor-size-default\">Hiking and cycling.\u00a0<\/h2>\t\t\t\t<\/div>\n\t\t\t\t<\/div>\n\t\t\t\t<div class=\"elementor-element elementor-element-9a5478d elementor-widget elementor-widget-image\" data-id=\"9a5478d\" data-element_type=\"widget\" data-e-type=\"widget\" data-widget_type=\"image.default\">\n\t\t\t\t<div class=\"elementor-widget-container\">\n\t\t\t\t\t\t\t\t\t\t\t\t\t\t\t<img decoding=\"async\" width=\"1024\" height=\"14\" src=\"https:\/\/levertmanoir.fr\/wp-content\/uploads\/2025\/05\/jbjb-1024x14.png\" class=\"attachment-large size-large wp-image-267\" alt=\"\" srcset=\"https:\/\/levertmanoir.fr\/wp-content\/uploads\/2025\/05\/jbjb-1024x14.png 1024w, https:\/\/levertmanoir.fr\/wp-content\/uploads\/2025\/05\/jbjb-300x4.png 300w, https:\/\/levertmanoir.fr\/wp-content\/uploads\/2025\/05\/jbjb-768x10.png 768w, https:\/\/levertmanoir.fr\/wp-content\/uploads\/2025\/05\/jbjb-1536x21.png 1536w, https:\/\/levertmanoir.fr\/wp-content\/uploads\/2025\/05\/jbjb-2048x28.png 2048w\" sizes=\"(max-width: 1024px) 100vw, 1024px\" \/>\t\t\t\t\t\t\t\t\t\t\t\t\t\t\t<\/div>\n\t\t\t\t<\/div>\n\t\t\t\t<div class=\"elementor-element elementor-element-0d428f8 elementor-widget elementor-widget-text-editor\" data-id=\"0d428f8\" data-element_type=\"widget\" data-e-type=\"widget\" data-widget_type=\"text-editor.default\">\n\t\t\t\t<div class=\"elementor-widget-container\">\n\t\t\t\t\t\t\t\t\t<p>A real paradise for cyclists and hikers of all levels, the Saint Omer region offers a wide choice of paths to follow in the heart of nature and in original places (converted railway line).<\/p>\t\t\t\t\t\t\t\t<\/div>\n\t\t\t\t<\/div>\n\t\t\t\t<\/div>\n\t\t<div class=\"elementor-element elementor-element-2bd3cda e-con-full e-flex e-con e-child\" data-id=\"2bd3cda\" data-element_type=\"container\" data-e-type=\"container\">\n\t\t\t\t<div class=\"elementor-element elementor-element-f059005 elementor-invisible elementor-widget elementor-widget-image\" data-id=\"f059005\" data-element_type=\"widget\" data-e-type=\"widget\" data-settings=\"{&quot;_animation&quot;:&quot;fadeInRight&quot;}\" data-widget_type=\"image.default\">\n\t\t\t\t<div class=\"elementor-widget-container\">\n\t\t\t\t\t\t\t\t\t\t\t\t\t\t\t<img decoding=\"async\" width=\"1024\" height=\"768\" src=\"https:\/\/levertmanoir.fr\/wp-content\/uploads\/2025\/05\/group-friends-ride-mountain-bike-forest-together-1-1024x768.png\" class=\"attachment-large size-large wp-image-581\" alt=\"\" srcset=\"https:\/\/levertmanoir.fr\/wp-content\/uploads\/2025\/05\/group-friends-ride-mountain-bike-forest-together-1-1024x768.png 1024w, https:\/\/levertmanoir.fr\/wp-content\/uploads\/2025\/05\/group-friends-ride-mountain-bike-forest-together-1-300x225.png 300w, https:\/\/levertmanoir.fr\/wp-content\/uploads\/2025\/05\/group-friends-ride-mountain-bike-forest-together-1-768x576.png 768w, https:\/\/levertmanoir.fr\/wp-content\/uploads\/2025\/05\/group-friends-ride-mountain-bike-forest-together-1.png 1536w\" sizes=\"(max-width: 1024px) 100vw, 1024px\" \/>\t\t\t\t\t\t\t\t\t\t\t\t\t\t\t<\/div>\n\t\t\t\t<\/div>\n\t\t\t\t<\/div>\n\t\t\t\t\t<\/div>\n\t\t\t\t<\/div>\n\t\t<div class=\"elementor-element elementor-element-d18c600 e-flex e-con-boxed e-con e-parent\" data-id=\"d18c600\" data-element_type=\"container\" data-e-type=\"container\">\n\t\t\t\t\t<div class=\"e-con-inner\">\n\t\t<div class=\"elementor-element elementor-element-b47010d e-con-full e-flex e-con e-child\" data-id=\"b47010d\" data-element_type=\"container\" data-e-type=\"container\">\n\t\t\t\t<div class=\"elementor-element elementor-element-356c352 elementor-invisible elementor-widget elementor-widget-image\" data-id=\"356c352\" data-element_type=\"widget\" data-e-type=\"widget\" data-settings=\"{&quot;_animation&quot;:&quot;fadeInLeft&quot;}\" data-widget_type=\"image.default\">\n\t\t\t\t<div class=\"elementor-widget-container\">\n\t\t\t\t\t\t\t\t\t\t\t\t\t\t\t<img loading=\"lazy\" decoding=\"async\" width=\"1024\" height=\"768\" src=\"https:\/\/levertmanoir.fr\/wp-content\/uploads\/2025\/05\/blue-sky-reflected-lake-with-plants-with-forest-trees-1-1024x768.png\" class=\"attachment-large size-large wp-image-585\" alt=\"\" srcset=\"https:\/\/levertmanoir.fr\/wp-content\/uploads\/2025\/05\/blue-sky-reflected-lake-with-plants-with-forest-trees-1-1024x768.png 1024w, https:\/\/levertmanoir.fr\/wp-content\/uploads\/2025\/05\/blue-sky-reflected-lake-with-plants-with-forest-trees-1-300x225.png 300w, https:\/\/levertmanoir.fr\/wp-content\/uploads\/2025\/05\/blue-sky-reflected-lake-with-plants-with-forest-trees-1-768x576.png 768w, https:\/\/levertmanoir.fr\/wp-content\/uploads\/2025\/05\/blue-sky-reflected-lake-with-plants-with-forest-trees-1.png 1536w\" sizes=\"(max-width: 1024px) 100vw, 1024px\" \/>\t\t\t\t\t\t\t\t\t\t\t\t\t\t\t<\/div>\n\t\t\t\t<\/div>\n\t\t\t\t<\/div>\n\t\t<div class=\"elementor-element elementor-element-65b2048 e-con-full e-flex e-con e-child\" data-id=\"65b2048\" data-element_type=\"container\" data-e-type=\"container\">\n\t\t\t\t<div class=\"elementor-element elementor-element-d899505 elementor-widget elementor-widget-heading\" data-id=\"d899505\" data-element_type=\"widget\" data-e-type=\"widget\" data-widget_type=\"heading.default\">\n\t\t\t\t<div class=\"elementor-widget-container\">\n\t\t\t\t\t<h2 class=\"elementor-heading-title elementor-size-default\">The Audomarois marshes<\/h2>\t\t\t\t<\/div>\n\t\t\t\t<\/div>\n\t\t\t\t<div class=\"elementor-element elementor-element-72dc26e elementor-widget elementor-widget-image\" data-id=\"72dc26e\" data-element_type=\"widget\" data-e-type=\"widget\" data-widget_type=\"image.default\">\n\t\t\t\t<div class=\"elementor-widget-container\">\n\t\t\t\t\t\t\t\t\t\t\t\t\t\t\t<img decoding=\"async\" width=\"1024\" height=\"14\" src=\"https:\/\/levertmanoir.fr\/wp-content\/uploads\/2025\/05\/jbjb-1024x14.png\" class=\"attachment-large size-large wp-image-267\" alt=\"\" srcset=\"https:\/\/levertmanoir.fr\/wp-content\/uploads\/2025\/05\/jbjb-1024x14.png 1024w, https:\/\/levertmanoir.fr\/wp-content\/uploads\/2025\/05\/jbjb-300x4.png 300w, https:\/\/levertmanoir.fr\/wp-content\/uploads\/2025\/05\/jbjb-768x10.png 768w, https:\/\/levertmanoir.fr\/wp-content\/uploads\/2025\/05\/jbjb-1536x21.png 1536w, https:\/\/levertmanoir.fr\/wp-content\/uploads\/2025\/05\/jbjb-2048x28.png 2048w\" sizes=\"(max-width: 1024px) 100vw, 1024px\" \/>\t\t\t\t\t\t\t\t\t\t\t\t\t\t\t<\/div>\n\t\t\t\t<\/div>\n\t\t\t\t<div class=\"elementor-element elementor-element-404dfde elementor-widget elementor-widget-text-editor\" data-id=\"404dfde\" data-element_type=\"widget\" data-e-type=\"widget\" data-widget_type=\"text-editor.default\">\n\t\t\t\t<div class=\"elementor-widget-container\">\n\t\t\t\t\t\t\t\t\t<p>Explore this exceptional UNESCO World Heritage site by boat, on foot or in the Rommelaere nature reserve. Don't miss the floating market at Clairmarais during the summer, a unique experience in the heart of nature.<\/p>\t\t\t\t\t\t\t\t<\/div>\n\t\t\t\t<\/div>\n\t\t\t\t<\/div>\n\t\t\t\t\t<\/div>\n\t\t\t\t<\/div>\n\t\t<div class=\"elementor-element elementor-element-0efb187 e-flex e-con-boxed e-con e-parent\" data-id=\"0efb187\" data-element_type=\"container\" data-e-type=\"container\">\n\t\t\t\t\t<div class=\"e-con-inner\">\n\t\t\t\t<div class=\"elementor-element elementor-element-fad80f4 elementor-widget elementor-widget-spacer\" data-id=\"fad80f4\" data-element_type=\"widget\" data-e-type=\"widget\" data-widget_type=\"spacer.default\">\n\t\t\t\t<div class=\"elementor-widget-container\">\n\t\t\t\t\t\t\t<div class=\"elementor-spacer\">\n\t\t\t<div class=\"elementor-spacer-inner\"><\/div>\n\t\t<\/div>\n\t\t\t\t\t\t<\/div>\n\t\t\t\t<\/div>\n\t\t\t\t\t<\/div>\n\t\t\t\t<\/div>\n\t\t\t\t<\/div>","protected":false},"excerpt":{"rendered":"<p>Activit\u00e9 \u00e0 proximit\u00e9 et aux alentours Au sein du village de Moulle, \u00e0 proximit\u00e9 du camping, vous trouverez des commerces [&hellip;]<\/p>\n","protected":false},"author":1,"featured_media":0,"parent":0,"menu_order":0,"comment_status":"closed","ping_status":"closed","template":"","meta":{"site-sidebar-layout":"no-sidebar","site-content-layout":"","ast-site-content-layout":"full-width-container","site-content-style":"default","site-sidebar-style":"default","ast-global-header-display":"","ast-banner-title-visibility":"","ast-main-header-display":"","ast-hfb-above-header-display":"","ast-hfb-below-header-display":"","ast-hfb-mobile-header-display":"","site-post-title":"disabled","ast-breadcrumbs-content":"","ast-featured-img":"disabled","footer-sml-layout":"","theme-transparent-header-meta":"","adv-header-id-meta":"","stick-header-meta":"","header-above-stick-meta":"","header-main-stick-meta":"","header-below-stick-meta":"","astra-migrate-meta-layouts":"default","ast-page-background-enabled":"default","ast-page-background-meta":{"desktop":{"background-color":"var(--ast-global-color-5)","background-image":"","background-repeat":"repeat","background-position":"center center","background-size":"auto","background-attachment":"scroll","background-type":"","background-media":"","overlay-type":"","overlay-color":"","overlay-opacity":"","overlay-gradient":""},"tablet":{"background-color":"","background-image":"","background-repeat":"repeat","background-position":"center center","background-size":"auto","background-attachment":"scroll","background-type":"","background-media":"","overlay-type":"","overlay-color":"","overlay-opacity":"","overlay-gradient":""},"mobile":{"background-color":"","background-image":"","background-repeat":"repeat","background-position":"center center","background-size":"auto","background-attachment":"scroll","background-type":"","background-media":"","overlay-type":"","overlay-color":"","overlay-opacity":"","overlay-gradient":""}},"ast-content-background-meta":{"desktop":{"background-color":"var(--ast-global-color-4)","background-image":"","background-repeat":"repeat","background-position":"center center","background-size":"auto","background-attachment":"scroll","background-type":"","background-media":"","overlay-type":"","overlay-color":"","overlay-opacity":"","overlay-gradient":""},"tablet":{"background-color":"var(--ast-global-color-4)","background-image":"","background-repeat":"repeat","background-position":"center center","background-size":"auto","background-attachment":"scroll","background-type":"","background-media":"","overlay-type":"","overlay-color":"","overlay-opacity":"","overlay-gradient":""},"mobile":{"background-color":"var(--ast-global-color-4)","background-image":"","background-repeat":"repeat","background-position":"center center","background-size":"auto","background-attachment":"scroll","background-type":"","background-media":"","overlay-type":"","overlay-color":"","overlay-opacity":"","overlay-gradient":""}},"iawp_total_views":7,"footnotes":""},"class_list":["post-31","page","type-page","status-publish","hentry"],"_links":{"self":[{"href":"https:\/\/levertmanoir.fr\/anglais\/wp-json\/wp\/v2\/pages\/31","targetHints":{"allow":["GET"]}}],"collection":[{"href":"https:\/\/levertmanoir.fr\/anglais\/wp-json\/wp\/v2\/pages"}],"about":[{"href":"https:\/\/levertmanoir.fr\/anglais\/wp-json\/wp\/v2\/types\/page"}],"author":[{"embeddable":true,"href":"https:\/\/levertmanoir.fr\/anglais\/wp-json\/wp\/v2\/users\/1"}],"replies":[{"embeddable":true,"href":"https:\/\/levertmanoir.fr\/anglais\/wp-json\/wp\/v2\/comments?post=31"}],"version-history":[{"count":31,"href":"https:\/\/levertmanoir.fr\/anglais\/wp-json\/wp\/v2\/pages\/31\/revisions"}],"predecessor-version":[{"id":1010,"href":"https:\/\/levertmanoir.fr\/anglais\/wp-json\/wp\/v2\/pages\/31\/revisions\/1010"}],"wp:attachment":[{"href":"https:\/\/levertmanoir.fr\/anglais\/wp-json\/wp\/v2\/media?parent=31"}],"curies":[{"name":"wp","href":"https:\/\/api.w.org\/{rel}","templated":true}]}}